{"id":394,"date":"2020-11-17T08:20:50","date_gmt":"2020-11-17T08:20:50","guid":{"rendered":"https:\/\/gartenstadt-haan.de\/?page_id=394"},"modified":"2025-11-10T12:05:23","modified_gmt":"2025-11-10T12:05:23","slug":"stiftungsrat","status":"publish","type":"page","link":"https:\/\/buergerstiftung-haan-gruiten.de\/index.php\/stiftungsrat\/","title":{"rendered":"Stiftungsrat"},"content":{"rendered":"\n<p><strong>Der Stiftungsrat <\/strong><\/p>\n\n\n\n<p class=\"has-text-align-left\">Der Stiftungsrat hat dar\u00fcber zu wachen, dass der Stiftungsvorstand f\u00fcr die dauernde und nachhaltige Erf\u00fcllung des Stiftungszweckes sorgt. Er ber\u00e4t den Vorstand hinsichtlich der Festlegung der konkreten Ziele und Priorit\u00e4ten der Stiftung. Er kann vom Vorstand jederzeit Einsicht in s\u00e4mtliche Gesch\u00e4ftsunterlagen der Stiftung verlangen und wird regelm\u00e4\u00dfig, d.h. mindestens einmal im Jahr \u00fcber die Aktivit\u00e4ten der Stiftung unterrichtet.<\/p>\n\n\n\n<p><strong>setzt sich derzeit aus folgenden Mitgliedern zusammen:<\/strong><\/p>\n\n\n\n<p>Vincent Endere\u00df &#8211; B\u00fcrgermeister der Stadt Haan<\/p>\n\n\n\n<p>Udo Vierdag &#8211; Vorstandsvorsitzender Stadt-Sparkasse Haan<\/p>\n\n\n\n<p>Ralf Kronenberg &#8211; Stiftungsratsvorsitzender<\/p>\n\n\n\n<p>Ute Hollweg &#8211; stellvertretende Vorsitzende <\/p>\n\n\n\n<p>Cecilie Kaimer-Conzen<\/p>\n\n\n\n<p>Jennifer Leith\u00e4user<\/p>\n\n\n\n<p>Gabriele R\u00f6mer<\/p>\n\n\n\n<p><\/p>\n","protected":false},"excerpt":{"rendered":"<p>Der Stiftungsrat Der Stiftungsrat hat dar\u00fcber zu wachen, dass der Stiftungsvorstand f\u00fcr die dauernde und nachhaltige Erf\u00fcllung des Stiftungszweckes sorgt. Er ber\u00e4t den Vorstand hinsichtlich der Festlegung der konkreten Ziele und Priorit\u00e4ten der Stiftung. Er kann vom Vorstand jederzeit Einsicht in s\u00e4mtliche Gesch\u00e4ftsunterlagen der Stiftung verlangen und wird regelm\u00e4\u00dfig, d.h. mindestens einmal im Jahr \u00fcber &#8230; <a title=\"Stiftungsrat\" class=\"read-more\" href=\"https:\/\/buergerstiftung-haan-gruiten.de\/index.php\/stiftungsrat\/\" aria-label=\"More on Stiftungsrat\">Read more<\/a><\/p>\n","protected":false},"author":3,"featured_media":0,"parent":0,"menu_order":0,"comment_status":"closed","ping_status":"closed","template":"","meta":{"footnotes":""},"class_list":["post-394","page","type-page","status-publish"],"_links":{"self":[{"href":"https:\/\/buergerstiftung-haan-gruiten.de\/index.php\/wp-json\/wp\/v2\/pages\/394","targetHints":{"allow":["GET"]}}],"collection":[{"href":"https:\/\/buergerstiftung-haan-gruiten.de\/index.php\/wp-json\/wp\/v2\/pages"}],"about":[{"href":"https:\/\/buergerstiftung-haan-gruiten.de\/index.php\/wp-json\/wp\/v2\/types\/page"}],"author":[{"embeddable":true,"href":"https:\/\/buergerstiftung-haan-gruiten.de\/index.php\/wp-json\/wp\/v2\/users\/3"}],"replies":[{"embeddable":true,"href":"https:\/\/buergerstiftung-haan-gruiten.de\/index.php\/wp-json\/wp\/v2\/comments?post=394"}],"version-history":[{"count":6,"href":"https:\/\/buergerstiftung-haan-gruiten.de\/index.php\/wp-json\/wp\/v2\/pages\/394\/revisions"}],"predecessor-version":[{"id":2959,"href":"https:\/\/buergerstiftung-haan-gruiten.de\/index.php\/wp-json\/wp\/v2\/pages\/394\/revisions\/2959"}],"wp:attachment":[{"href":"https:\/\/buergerstiftung-haan-gruiten.de\/index.php\/wp-json\/wp\/v2\/media?parent=394"}],"curies":[{"name":"wp","href":"https:\/\/api.w.org\/{rel}","templated":true}]}}