{"id":370,"date":"2020-11-17T07:27:01","date_gmt":"2020-11-17T07:27:01","guid":{"rendered":"https:\/\/gartenstadt-haan.de\/?page_id=370"},"modified":"2023-04-26T21:13:23","modified_gmt":"2023-04-26T21:13:23","slug":"gruendungsjahr","status":"publish","type":"page","link":"https:\/\/buergerstiftung-haan-gruiten.de\/index.php\/gruendungsjahr\/","title":{"rendered":"Gr\u00fcndungsmitglieder im Gr\u00fcndungsjahr 2006"},"content":{"rendered":"\n<p><strong>B\u00fcrger helfen B\u00fcrgern<\/strong><\/p>\n\n\n\n<p>Im November 2006 wurde von NRW-Innenminister Dr. Ingo Wolf die Stiftungsurkunde \u00fcberreicht und machte damit die \u201eB\u00fcrgerstiftung f\u00fcr Haan und Gruiten\u201c arbeitsf\u00e4hig. <br>Startkapital: 190.000 Euro.<\/p>\n\n\n\n<h4 class=\"wp-block-heading\"><strong>Mit Ertr\u00e4gen Gutes tun<\/strong><\/h4>\n\n\n\n<p>\u201eIn Deutschland wird das Interesse daran gr\u00f6\u00dfer, etwas f\u00fcr die Gemeinschaft zu tun\u201c, hatte Volker G\u00f6rnandt festgestellt. Der Rechtsanwalt bildete mit Ingo Lemanski, Sparkassen-Direktor im Ruhestand, den ersten Stiftungsvorstand. Dem Stiftungsrat, der kontrolliert, ber\u00e4t, w\u00e4hlt und beschlie\u00dft, geh\u00f6rten damals B\u00fcrgermeister Knut vom Bovert, Sparkassen-Vorstandschef Gunther W\u00f6lfges, Ernst J\u00fcntgen, Peter Schmeinck, Gaby R\u00f6mer und Bernd Kirschey an.\u00a0Weitere Gr\u00fcndungsstifter sind Dieter Schauf, Elfriede Schimpke, Steuerb\u00fcro Garlich und M\u00fcller, die Stadt-Sparkasse Haan und die Stadtwerke Haan.<\/p>\n\n\n\n<h4 class=\"wp-block-heading\"><\/h4>\n\n\n\n<figure class=\"wp-block-image size-large\"><img loading=\"lazy\" decoding=\"async\" width=\"526\" height=\"258\" src=\"https:\/\/gartenstadt-haan.de\/wp-content\/uploads\/2020\/11\/Gruendungsstifter-2006.jpg\" alt=\"\" class=\"wp-image-380\" srcset=\"https:\/\/buergerstiftung-haan-gruiten.de\/wp-content\/uploads\/2020\/11\/Gruendungsstifter-2006.jpg 526w, https:\/\/buergerstiftung-haan-gruiten.de\/wp-content\/uploads\/2020\/11\/Gruendungsstifter-2006-300x147.jpg 300w\" sizes=\"auto, (max-width: 526px) 100vw, 526px\" \/><\/figure>\n","protected":false},"excerpt":{"rendered":"<p>B\u00fcrger helfen B\u00fcrgern Im November 2006 wurde von NRW-Innenminister Dr. Ingo Wolf die Stiftungsurkunde \u00fcberreicht und machte damit die \u201eB\u00fcrgerstiftung f\u00fcr Haan und Gruiten\u201c arbeitsf\u00e4hig. Startkapital: 190.000 Euro. Mit Ertr\u00e4gen Gutes tun \u201eIn Deutschland wird das Interesse daran gr\u00f6\u00dfer, etwas f\u00fcr die Gemeinschaft zu tun\u201c, hatte Volker G\u00f6rnandt festgestellt. Der Rechtsanwalt bildete mit Ingo Lemanski, &#8230; <a title=\"Gr\u00fcndungsmitglieder im Gr\u00fcndungsjahr 2006\" class=\"read-more\" href=\"https:\/\/buergerstiftung-haan-gruiten.de\/index.php\/gruendungsjahr\/\" aria-label=\"More on Gr\u00fcndungsmitglieder im Gr\u00fcndungsjahr 2006\">Read more<\/a><\/p>\n","protected":false},"author":3,"featured_media":0,"parent":0,"menu_order":0,"comment_status":"closed","ping_status":"closed","template":"","meta":{"footnotes":""},"class_list":["post-370","page","type-page","status-publish"],"_links":{"self":[{"href":"https:\/\/buergerstiftung-haan-gruiten.de\/index.php\/wp-json\/wp\/v2\/pages\/370","targetHints":{"allow":["GET"]}}],"collection":[{"href":"https:\/\/buergerstiftung-haan-gruiten.de\/index.php\/wp-json\/wp\/v2\/pages"}],"about":[{"href":"https:\/\/buergerstiftung-haan-gruiten.de\/index.php\/wp-json\/wp\/v2\/types\/page"}],"author":[{"embeddable":true,"href":"https:\/\/buergerstiftung-haan-gruiten.de\/index.php\/wp-json\/wp\/v2\/users\/3"}],"replies":[{"embeddable":true,"href":"https:\/\/buergerstiftung-haan-gruiten.de\/index.php\/wp-json\/wp\/v2\/comments?post=370"}],"version-history":[{"count":13,"href":"https:\/\/buergerstiftung-haan-gruiten.de\/index.php\/wp-json\/wp\/v2\/pages\/370\/revisions"}],"predecessor-version":[{"id":1472,"href":"https:\/\/buergerstiftung-haan-gruiten.de\/index.php\/wp-json\/wp\/v2\/pages\/370\/revisions\/1472"}],"wp:attachment":[{"href":"https:\/\/buergerstiftung-haan-gruiten.de\/index.php\/wp-json\/wp\/v2\/media?parent=370"}],"curies":[{"name":"wp","href":"https:\/\/api.w.org\/{rel}","templated":true}]}}