{"id":332,"date":"2020-10-14T14:01:09","date_gmt":"2020-10-14T14:01:09","guid":{"rendered":"https:\/\/gartenstadt-haan.de\/?page_id=332"},"modified":"2024-11-14T09:48:36","modified_gmt":"2024-11-14T09:48:36","slug":"merkmale-einer-buergerstiftung","status":"publish","type":"page","link":"https:\/\/buergerstiftung-haan-gruiten.de\/index.php\/merkmale-einer-buergerstiftung\/","title":{"rendered":"Unsere Merkmale"},"content":{"rendered":"\n<p>Unsere Vision ist: Menschen verbinden und f\u00fcr die Zukunft von Haan stiften oder spenden!<br>Unsere Mission wird durch folgende Merkmale einer B\u00fcrgerstiftung unterstrichen:<\/p>\n\n\n\n<p><strong>1. St\u00e4rkung des Gemeinwesens<\/strong><\/p>\n\n\n\n<p>Wir sind gemeinn\u00fctzig und wollen das Gemeinwesen st\u00e4rken. Wir verstehen uns als Element einer selbstbestimmten Gesellschaft.<\/p>\n\n\n\n<p><strong>2. Stiftergemeinschaft<\/strong><\/p>\n\n\n\n<p>Wir wurden durch mehrere Stifter und Stifterinnen in Haan gegr\u00fcndet und freuen uns \u00fcber weitere Stifter und Stifterinnen, die unsere Zukunft sichern.<\/p>\n\n\n\n<p><strong>3. Unabh\u00e4ngigkeit<\/strong><\/p>\n\n\n\n<p>Wir sind wirtschaftlich und politisch unabh\u00e4ngig. Weiterhin sind wir konfessionell und parteipolitisch nicht gebunden. Eine Dominanz einzelner Stifter oder Stifterinnen, Parteien oder Unternehmen lehnen wir ab. Politische Gremien und Verwaltungsspitzen d\u00fcrfen keinen bestimmenden Einfluss auf unsere Entscheidungen nehmen.<\/p>\n\n\n\n<p><strong>4. Lokales Engegement<\/strong><\/p>\n\n\n\n<p>Wir sind nur in Haan und Gruiten f\u00fcr unsere B\u00fcrgerinnen und B\u00fcrger t\u00e4tig.<\/p>\n\n\n\n<p><strong>5. Kapitalaufbau und Projektf\u00f6rderung<\/strong><\/p>\n\n\n\n<p>Wir bauen kontinuierlich Stiftungskapital auf. Dabei geben wir allen Menschen, die sich mit Haan verbunden f\u00fchlen und die Stiftungsziele bejahen, die M\u00f6glichkeit einer Zustiftung. <br>Wir sammeln dar\u00fcber hinaus Spenden und Projektspenden, k\u00f6nnen Unterstiftungen und Fonds einrichten, wenn sie zur Satzung passen oder auch regionale Teilgebiete f\u00f6rdern.<\/p>\n\n\n\n<p><strong>6. Vielfalt der Zwecke<\/strong><\/p>\n\n\n\n<p>Wir wirken in einem breiten Spektrum des st\u00e4dtischen oder regionalen Lebens, dessen F\u00f6rderung steht f\u00fcr uns im Vordergrund. <br>Unser Stiftungszweck ist breit. Er umfasst in der Regel den kulturellen Sektor, Jugend und Soziales, das Bildungswesen, Natur und Umwelt und den Denkmalschutz. Wir sind f\u00f6rdernd und\/oder operativ und innovativ t\u00e4tig.<\/p>\n\n\n\n<p><strong>7. Engagementf\u00f6rderung<\/strong><\/p>\n\n\n\n<p>Wir f\u00f6rdern Projekte, die von b\u00fcrgerschaftlichem Engagement getragen sind oder Hilfe zur Selbsthilfe leisten. Dabei bem\u00fchen wir uns um neue Formen des gesellschaftlichen Engagements. Hier freuen wir uns \u00fcber Anregungen oder Vorschl\u00e4ge. <\/p>\n\n\n\n<p><strong>8. \u00d6ffentlichkeitsarbeit<\/strong><\/p>\n\n\n\n<p>Wir machen unsere Projekte \u00f6ffentlich und betreiben unsere \u00d6ffentlichkeitsarbeit, um allen Menschen die M\u00f6glichkeit zu geben, sich an unseren Projekten zu beteiligen.<\/p>\n\n\n\n<p><strong>9. Netzwerkarbeit<\/strong><\/p>\n\n\n\n<p>Wir k\u00f6nnen Netzwerke innerhalb verschiedener gemeinn\u00fctziger Organisationen unserer Stadt oder Region koordinieren.<\/p>\n\n\n\n<p><strong>10. Transparenz und Kontrolle<\/strong><\/p>\n\n\n\n<p>Unsere interne Arbeit ist durch Partizipation und Transparenz gepr\u00e4gt. Wir haben mehrere Gremien (Vorstand, Anlagenbeirat und Stiftungsrat), die ausf\u00fchrende und kontrollierende Funktionen innehaben.<\/p>\n\n\n\n<p><br><strong>Selbstverpflichtung &#8222;F\u00fcr Demokratie, Menschenw\u00fcrde und Vielfalt&#8220;<\/strong><\/p>\n\n\n\n<div class=\"wp-block-columns is-layout-flex wp-container-core-columns-is-layout-9d6595d7 wp-block-columns-is-layout-flex\">\n<div class=\"wp-block-column is-vertically-aligned-center is-layout-flow wp-block-column-is-layout-flow\" style=\"flex-basis:100%\"><div class=\"wp-block-image\">\n<figure class=\"alignleft size-full is-resized\"><img decoding=\"async\" src=\"https:\/\/buergerstiftung-haan-gruiten.de\/wp-content\/uploads\/2024\/01\/Badge_frei-1.png\" alt=\"\" class=\"wp-image-2017\" style=\"width:205px;height:205px\"\/><\/figure>\n<\/div>\n\n\n<p class=\"has-text-align-left\">Die B\u00fcrgerstiftung f\u00fcr Haan und Gruiten ist Unterzeichnerin der Selbstverpflichtung <a href=\"https:\/\/buergerstiftung-haan-gruiten.de\/wp-content\/uploads\/2021\/03\/Selbstverpflichtung_Bu__rgerstiftungen_final.pdf\">&#8222;F\u00fcr Demokratie, Menschenw\u00fcrde und Vielfalt&#8220;<\/a>, das das <a href=\"https:\/\/www.buergerstiftungen.org\/de\/\">B\u00fcndnis der B\u00fcrgerstiftungen Deutschlands<\/a> gemeinsam mit dem Koordinierungskreis der B\u00fcrgerstiftungen erarbeitet hat. Damit setzen wir ein klares Zeichen f\u00fcr Toleranz und ein friedfertiges Miteinander. <\/p>\n<\/div>\n<\/div>\n\n\n<div class=\"wp-block-image\">\n<figure class=\"alignleft size-large is-resized\"><a href=\"https:\/\/www.stiftungen.org\/startseite.html\"><img loading=\"lazy\" decoding=\"async\" width=\"827\" height=\"827\" src=\"https:\/\/buergerstiftung-haan-gruiten.de\/wp-content\/uploads\/2021\/07\/Logo-Grundsaetze-guter-Stiftungspraxis-gruen.jpg\" alt=\"\" class=\"wp-image-855\" style=\"width:222px;height:222px\" srcset=\"https:\/\/buergerstiftung-haan-gruiten.de\/wp-content\/uploads\/2021\/07\/Logo-Grundsaetze-guter-Stiftungspraxis-gruen.jpg 827w, https:\/\/buergerstiftung-haan-gruiten.de\/wp-content\/uploads\/2021\/07\/Logo-Grundsaetze-guter-Stiftungspraxis-gruen-300x300.jpg 300w, https:\/\/buergerstiftung-haan-gruiten.de\/wp-content\/uploads\/2021\/07\/Logo-Grundsaetze-guter-Stiftungspraxis-gruen-150x150.jpg 150w, https:\/\/buergerstiftung-haan-gruiten.de\/wp-content\/uploads\/2021\/07\/Logo-Grundsaetze-guter-Stiftungspraxis-gruen-768x768.jpg 768w\" sizes=\"auto, (max-width: 827px) 100vw, 827px\" \/><\/a><\/figure>\n<\/div>\n\n\n<div class=\"wp-block-columns is-layout-flex wp-container-core-columns-is-layout-9d6595d7 wp-block-columns-is-layout-flex\">\n<div class=\"wp-block-column is-vertically-aligned-center is-layout-flow wp-block-column-is-layout-flow\" style=\"flex-basis:100%\">\n<p class=\"has-small-font-size\"><br><br><br>Wir sind Mitglied im <strong>Bundesverband Deutscher Stiftungen.<\/strong><\/p>\n<\/div>\n<\/div>\n","protected":false},"excerpt":{"rendered":"<p>Unsere Vision ist: Menschen verbinden und f\u00fcr die Zukunft von Haan stiften oder spenden!Unsere Mission wird durch folgende Merkmale einer B\u00fcrgerstiftung unterstrichen: 1. St\u00e4rkung des Gemeinwesens Wir sind gemeinn\u00fctzig und wollen das Gemeinwesen st\u00e4rken. Wir verstehen uns als Element einer selbstbestimmten Gesellschaft. 2. Stiftergemeinschaft Wir wurden durch mehrere Stifter und Stifterinnen in Haan gegr\u00fcndet und &#8230; <a title=\"Unsere Merkmale\" class=\"read-more\" href=\"https:\/\/buergerstiftung-haan-gruiten.de\/index.php\/merkmale-einer-buergerstiftung\/\" aria-label=\"More on Unsere Merkmale\">Read more<\/a><\/p>\n","protected":false},"author":2,"featured_media":0,"parent":0,"menu_order":0,"comment_status":"closed","ping_status":"closed","template":"","meta":{"footnotes":""},"class_list":["post-332","page","type-page","status-publish"],"_links":{"self":[{"href":"https:\/\/buergerstiftung-haan-gruiten.de\/index.php\/wp-json\/wp\/v2\/pages\/332","targetHints":{"allow":["GET"]}}],"collection":[{"href":"https:\/\/buergerstiftung-haan-gruiten.de\/index.php\/wp-json\/wp\/v2\/pages"}],"about":[{"href":"https:\/\/buergerstiftung-haan-gruiten.de\/index.php\/wp-json\/wp\/v2\/types\/page"}],"author":[{"embeddable":true,"href":"https:\/\/buergerstiftung-haan-gruiten.de\/index.php\/wp-json\/wp\/v2\/users\/2"}],"replies":[{"embeddable":true,"href":"https:\/\/buergerstiftung-haan-gruiten.de\/index.php\/wp-json\/wp\/v2\/comments?post=332"}],"version-history":[{"count":31,"href":"https:\/\/buergerstiftung-haan-gruiten.de\/index.php\/wp-json\/wp\/v2\/pages\/332\/revisions"}],"predecessor-version":[{"id":2439,"href":"https:\/\/buergerstiftung-haan-gruiten.de\/index.php\/wp-json\/wp\/v2\/pages\/332\/revisions\/2439"}],"wp:attachment":[{"href":"https:\/\/buergerstiftung-haan-gruiten.de\/index.php\/wp-json\/wp\/v2\/media?parent=332"}],"curies":[{"name":"wp","href":"https:\/\/api.w.org\/{rel}","templated":true}]}}