{"id":3129,"date":"2026-01-13T10:53:34","date_gmt":"2026-01-13T10:53:34","guid":{"rendered":"https:\/\/buergerstiftung-haan-gruiten.de\/?page_id=3129"},"modified":"2026-02-02T14:19:07","modified_gmt":"2026-02-02T14:19:07","slug":"3129-2","status":"publish","type":"page","link":"https:\/\/buergerstiftung-haan-gruiten.de\/index.php\/3129-2\/","title":{"rendered":"2026"},"content":{"rendered":"\n<blockquote class=\"wp-block-quote is-layout-flow wp-block-quote-is-layout-flow\">\n<h2 class=\"wp-block-heading\"><strong>Das Jahr 2026 wird ein Jubil\u00e4umsjahr f\u00fcr uns <\/strong><\/h2>\n<\/blockquote>\n\n\n\n<p>Die B\u00fcrgerstiftung feiert 20-j\u00e4hriges Jubil\u00e4um. Dies wird mit mehreren Veranstaltungen gefeiert. N\u00e4heres folgt in K\u00fcrze.<\/p>\n\n\n\n<h2 class=\"wp-block-heading\"><strong>10-j\u00e4hriges Jubil\u00e4um im Caf\u00e9 International<\/strong><\/h2>\n\n\n\n<p>Am 10.1.2026 feierte das <a href=\"https:\/\/buergerstiftung-haan-gruiten.de\/index.php\/integration\/\">Caf\u00e9 International <\/a>10-j\u00e4hriges Jubil\u00e4um. Zu unserer Freude waren etwa 100 Menschen bei uns, um dieses sch\u00f6ne Ereignis zu begehen. Begonnen hat es mit einer Messe in der evangelischen Kirche und wurde sp\u00e4ter von einem internationalen Buffet gekr\u00f6nt. Vielen Dank an alle Helferinnen und Helfer, dies dies erm\u00f6glicht haben.<\/p>\n\n\n\n<figure class=\"wp-block-gallery has-nested-images columns-default is-cropped wp-block-gallery-1 is-layout-flex wp-block-gallery-is-layout-flex\">\n<figure class=\"wp-block-image size-large\"><img loading=\"lazy\" decoding=\"async\" width=\"1024\" height=\"831\" data-id=\"3132\" src=\"https:\/\/buergerstiftung-haan-gruiten.de\/wp-content\/uploads\/2026\/01\/IMG_0383-1-1024x831.jpeg\" alt=\"\" class=\"wp-image-3132\" srcset=\"https:\/\/buergerstiftung-haan-gruiten.de\/wp-content\/uploads\/2026\/01\/IMG_0383-1-1024x831.jpeg 1024w, https:\/\/buergerstiftung-haan-gruiten.de\/wp-content\/uploads\/2026\/01\/IMG_0383-1-300x244.jpeg 300w, https:\/\/buergerstiftung-haan-gruiten.de\/wp-content\/uploads\/2026\/01\/IMG_0383-1-768x623.jpeg 768w, https:\/\/buergerstiftung-haan-gruiten.de\/wp-content\/uploads\/2026\/01\/IMG_0383-1-1536x1247.jpeg 1536w, https:\/\/buergerstiftung-haan-gruiten.de\/wp-content\/uploads\/2026\/01\/IMG_0383-1-2048x1663.jpeg 2048w, https:\/\/buergerstiftung-haan-gruiten.de\/wp-content\/uploads\/2026\/01\/IMG_0383-1-1320x1072.jpeg 1320w\" sizes=\"auto, (max-width: 1024px) 100vw, 1024px\" \/><figcaption class=\"wp-element-caption\">Die Messe <\/figcaption><\/figure>\n\n\n\n<figure class=\"wp-block-image size-large\"><img loading=\"lazy\" decoding=\"async\" width=\"768\" height=\"1024\" data-id=\"3143\" src=\"https:\/\/buergerstiftung-haan-gruiten.de\/wp-content\/uploads\/2026\/01\/IMG_0384-768x1024.jpeg\" alt=\"\" class=\"wp-image-3143\" srcset=\"https:\/\/buergerstiftung-haan-gruiten.de\/wp-content\/uploads\/2026\/01\/IMG_0384-768x1024.jpeg 768w, https:\/\/buergerstiftung-haan-gruiten.de\/wp-content\/uploads\/2026\/01\/IMG_0384-225x300.jpeg 225w, https:\/\/buergerstiftung-haan-gruiten.de\/wp-content\/uploads\/2026\/01\/IMG_0384-1152x1536.jpeg 1152w, https:\/\/buergerstiftung-haan-gruiten.de\/wp-content\/uploads\/2026\/01\/IMG_0384-1536x2048.jpeg 1536w, https:\/\/buergerstiftung-haan-gruiten.de\/wp-content\/uploads\/2026\/01\/IMG_0384-1320x1760.jpeg 1320w, https:\/\/buergerstiftung-haan-gruiten.de\/wp-content\/uploads\/2026\/01\/IMG_0384-scaled.jpeg 1920w\" sizes=\"auto, (max-width: 768px) 100vw, 768px\" \/><figcaption class=\"wp-element-caption\">mit toller Musik<\/figcaption><\/figure>\n\n\n\n<figure class=\"wp-block-image size-large\"><img loading=\"lazy\" decoding=\"async\" width=\"1024\" height=\"683\" data-id=\"3134\" src=\"https:\/\/buergerstiftung-haan-gruiten.de\/wp-content\/uploads\/2026\/01\/IMG_0395-1024x683.jpeg\" alt=\"\" class=\"wp-image-3134\" srcset=\"https:\/\/buergerstiftung-haan-gruiten.de\/wp-content\/uploads\/2026\/01\/IMG_0395-1024x683.jpeg 1024w, https:\/\/buergerstiftung-haan-gruiten.de\/wp-content\/uploads\/2026\/01\/IMG_0395-300x200.jpeg 300w, https:\/\/buergerstiftung-haan-gruiten.de\/wp-content\/uploads\/2026\/01\/IMG_0395-768x512.jpeg 768w, https:\/\/buergerstiftung-haan-gruiten.de\/wp-content\/uploads\/2026\/01\/IMG_0395-1536x1024.jpeg 1536w, https:\/\/buergerstiftung-haan-gruiten.de\/wp-content\/uploads\/2026\/01\/IMG_0395-2048x1365.jpeg 2048w, https:\/\/buergerstiftung-haan-gruiten.de\/wp-content\/uploads\/2026\/01\/IMG_0395-1320x880.jpeg 1320w\" sizes=\"auto, (max-width: 1024px) 100vw, 1024px\" \/><figcaption class=\"wp-element-caption\">Viele G\u00e4ste waren dabei<\/figcaption><\/figure>\n\n\n\n<figure class=\"wp-block-image size-large\"><img loading=\"lazy\" decoding=\"async\" width=\"1024\" height=\"683\" data-id=\"3133\" src=\"https:\/\/buergerstiftung-haan-gruiten.de\/wp-content\/uploads\/2026\/01\/IMG_0394-1024x683.jpeg\" alt=\"\" class=\"wp-image-3133\" srcset=\"https:\/\/buergerstiftung-haan-gruiten.de\/wp-content\/uploads\/2026\/01\/IMG_0394-1024x683.jpeg 1024w, https:\/\/buergerstiftung-haan-gruiten.de\/wp-content\/uploads\/2026\/01\/IMG_0394-300x200.jpeg 300w, https:\/\/buergerstiftung-haan-gruiten.de\/wp-content\/uploads\/2026\/01\/IMG_0394-768x512.jpeg 768w, https:\/\/buergerstiftung-haan-gruiten.de\/wp-content\/uploads\/2026\/01\/IMG_0394-1536x1024.jpeg 1536w, https:\/\/buergerstiftung-haan-gruiten.de\/wp-content\/uploads\/2026\/01\/IMG_0394-2048x1365.jpeg 2048w, https:\/\/buergerstiftung-haan-gruiten.de\/wp-content\/uploads\/2026\/01\/IMG_0394-1320x880.jpeg 1320w\" sizes=\"auto, (max-width: 1024px) 100vw, 1024px\" \/><figcaption class=\"wp-element-caption\">und hier das tolle Buffet<\/figcaption><\/figure>\n<\/figure>\n\n\n\n<p><a href=\"https:\/\/rp-online.de\/nrw\/staedte\/haan\/integration-die-durch-den-magen-geht_aid-141743643\">Hierzu ein Bericht der Rheinischen Post<\/a><\/p>\n\n\n\n<h2 class=\"wp-block-heading\"><strong>Der Vorstand wurde neu gew\u00e4hlt<\/strong><\/h2>\n\n\n\n<p>Angelos Tsangaris ist zum 31.12.2025 aus dem Vorstand der B\u00fcrgerstiftung ausgeschieden. Petra van der Lest wurde zur 1. Vorsitzenden gew\u00e4hlt, Jeannette Kirchhoff ist nun stellvertretende Vorsitzende. Wir bedanken uns ganz herzlich bei Angelos Tsangaris f\u00fcr seine jahrelange T\u00e4tigkeit als Vorsitzender. <\/p>\n","protected":false},"excerpt":{"rendered":"<p>Das Jahr 2026 wird ein Jubil\u00e4umsjahr f\u00fcr uns Die B\u00fcrgerstiftung feiert 20-j\u00e4hriges Jubil\u00e4um. Dies wird mit mehreren Veranstaltungen gefeiert. N\u00e4heres folgt in K\u00fcrze. 10-j\u00e4hriges Jubil\u00e4um im Caf\u00e9 International Am 10.1.2026 feierte das Caf\u00e9 International 10-j\u00e4hriges Jubil\u00e4um. Zu unserer Freude waren etwa 100 Menschen bei uns, um dieses sch\u00f6ne Ereignis zu begehen. Begonnen hat es mit &#8230; <a title=\"2026\" class=\"read-more\" href=\"https:\/\/buergerstiftung-haan-gruiten.de\/index.php\/3129-2\/\" aria-label=\"More on 2026\">Read more<\/a><\/p>\n","protected":false},"author":2,"featured_media":0,"parent":0,"menu_order":0,"comment_status":"closed","ping_status":"closed","template":"","meta":{"footnotes":""},"class_list":["post-3129","page","type-page","status-publish"],"_links":{"self":[{"href":"https:\/\/buergerstiftung-haan-gruiten.de\/index.php\/wp-json\/wp\/v2\/pages\/3129","targetHints":{"allow":["GET"]}}],"collection":[{"href":"https:\/\/buergerstiftung-haan-gruiten.de\/index.php\/wp-json\/wp\/v2\/pages"}],"about":[{"href":"https:\/\/buergerstiftung-haan-gruiten.de\/index.php\/wp-json\/wp\/v2\/types\/page"}],"author":[{"embeddable":true,"href":"https:\/\/buergerstiftung-haan-gruiten.de\/index.php\/wp-json\/wp\/v2\/users\/2"}],"replies":[{"embeddable":true,"href":"https:\/\/buergerstiftung-haan-gruiten.de\/index.php\/wp-json\/wp\/v2\/comments?post=3129"}],"version-history":[{"count":13,"href":"https:\/\/buergerstiftung-haan-gruiten.de\/index.php\/wp-json\/wp\/v2\/pages\/3129\/revisions"}],"predecessor-version":[{"id":3176,"href":"https:\/\/buergerstiftung-haan-gruiten.de\/index.php\/wp-json\/wp\/v2\/pages\/3129\/revisions\/3176"}],"wp:attachment":[{"href":"https:\/\/buergerstiftung-haan-gruiten.de\/index.php\/wp-json\/wp\/v2\/media?parent=3129"}],"curies":[{"name":"wp","href":"https:\/\/api.w.org\/{rel}","templated":true}]}}