{"id":2896,"date":"2025-07-06T09:22:15","date_gmt":"2025-07-06T09:22:15","guid":{"rendered":"https:\/\/buergerstiftung-haan-gruiten.de\/?page_id=2896"},"modified":"2025-12-09T14:17:36","modified_gmt":"2025-12-09T14:17:36","slug":"2896-2","status":"publish","type":"page","link":"https:\/\/buergerstiftung-haan-gruiten.de\/index.php\/2896-2\/","title":{"rendered":"12. Zitatstein"},"content":{"rendered":"\n<p>Engagierte Einzelh\u00e4ndler erinnern mit dem 12. Zitatstein an Emil Barth! Verlegt wurde der Stein am 3. Juli 2025 auf der Friedrichstra\u00dfe unter Teilnahme aller Sponsoren: Selcuk Karademir von Karabusta, Nicole Meyerhenke vom gleichnamigen Fotogesch\u00e4ft, Dirk Kluthe von Zigarren Fischer, Mustafa \u00d6zdemir vom Rathausgrill und Patrick Robertz vom Reiseb\u00fcro. Die Einzelh\u00e4ndler und Gastronomen zeigen hier &#8211; auch in schwierigen Zeiten &#8211; bereits seit vielen Jahren Pr\u00e4senz. <\/p>\n\n\n\n<p>Passender kann das Zitat daher nicht sein: <\/p>\n\n\n\n<p>&#8222;<strong>Siehe mein Freund, ich bleibe noch eine Weile<\/strong>&#8222;<\/p>\n\n\n\n<p>Emil Barth, &#8222;Auf der Terrasse&#8220;<\/p>\n\n\n\n<figure class=\"wp-block-image size-large is-resized\"><img loading=\"lazy\" decoding=\"async\" width=\"1024\" height=\"769\" src=\"https:\/\/buergerstiftung-haan-gruiten.de\/wp-content\/uploads\/2025\/07\/03.07.2025-1024x769.jpg\" alt=\"\" class=\"wp-image-2888\" style=\"width:650px;height:auto\" srcset=\"https:\/\/buergerstiftung-haan-gruiten.de\/wp-content\/uploads\/2025\/07\/03.07.2025-1024x769.jpg 1024w, https:\/\/buergerstiftung-haan-gruiten.de\/wp-content\/uploads\/2025\/07\/03.07.2025-300x225.jpg 300w, https:\/\/buergerstiftung-haan-gruiten.de\/wp-content\/uploads\/2025\/07\/03.07.2025-768x577.jpg 768w, https:\/\/buergerstiftung-haan-gruiten.de\/wp-content\/uploads\/2025\/07\/03.07.2025-1320x991.jpg 1320w, https:\/\/buergerstiftung-haan-gruiten.de\/wp-content\/uploads\/2025\/07\/03.07.2025.jpg 1428w\" sizes=\"auto, (max-width: 1024px) 100vw, 1024px\" \/><\/figure>\n\n\n\n<p>(v.l. Selcuk Karademir, Nicole Meyerhenke, Dirk Kluthe, Mustafa \u00d6zdemir, Patrick Robertz)<\/p>\n\n\n\n<p>Foto: B\u00fcrgerstiftung f\u00fcr Haan &amp; Gruiten<\/p>\n","protected":false},"excerpt":{"rendered":"<p>Engagierte Einzelh\u00e4ndler erinnern mit dem 12. Zitatstein an Emil Barth! Verlegt wurde der Stein am 3. Juli 2025 auf der Friedrichstra\u00dfe unter Teilnahme aller Sponsoren: Selcuk Karademir von Karabusta, Nicole Meyerhenke vom gleichnamigen Fotogesch\u00e4ft, Dirk Kluthe von Zigarren Fischer, Mustafa \u00d6zdemir vom Rathausgrill und Patrick Robertz vom Reiseb\u00fcro. Die Einzelh\u00e4ndler und Gastronomen zeigen hier &#8211; &#8230; <a title=\"12. Zitatstein\" class=\"read-more\" href=\"https:\/\/buergerstiftung-haan-gruiten.de\/index.php\/2896-2\/\" aria-label=\"More on 12. Zitatstein\">Read more<\/a><\/p>\n","protected":false},"author":3,"featured_media":0,"parent":0,"menu_order":0,"comment_status":"closed","ping_status":"closed","template":"","meta":{"footnotes":""},"class_list":["post-2896","page","type-page","status-publish"],"_links":{"self":[{"href":"https:\/\/buergerstiftung-haan-gruiten.de\/index.php\/wp-json\/wp\/v2\/pages\/2896","targetHints":{"allow":["GET"]}}],"collection":[{"href":"https:\/\/buergerstiftung-haan-gruiten.de\/index.php\/wp-json\/wp\/v2\/pages"}],"about":[{"href":"https:\/\/buergerstiftung-haan-gruiten.de\/index.php\/wp-json\/wp\/v2\/types\/page"}],"author":[{"embeddable":true,"href":"https:\/\/buergerstiftung-haan-gruiten.de\/index.php\/wp-json\/wp\/v2\/users\/3"}],"replies":[{"embeddable":true,"href":"https:\/\/buergerstiftung-haan-gruiten.de\/index.php\/wp-json\/wp\/v2\/comments?post=2896"}],"version-history":[{"count":3,"href":"https:\/\/buergerstiftung-haan-gruiten.de\/index.php\/wp-json\/wp\/v2\/pages\/2896\/revisions"}],"predecessor-version":[{"id":3072,"href":"https:\/\/buergerstiftung-haan-gruiten.de\/index.php\/wp-json\/wp\/v2\/pages\/2896\/revisions\/3072"}],"wp:attachment":[{"href":"https:\/\/buergerstiftung-haan-gruiten.de\/index.php\/wp-json\/wp\/v2\/media?parent=2896"}],"curies":[{"name":"wp","href":"https:\/\/api.w.org\/{rel}","templated":true}]}}