{"id":2281,"date":"2024-08-01T09:46:17","date_gmt":"2024-08-01T09:46:17","guid":{"rendered":"https:\/\/buergerstiftung-haan-gruiten.de\/?page_id=2281"},"modified":"2024-08-22T07:24:35","modified_gmt":"2024-08-22T07:24:35","slug":"kochpiraten","status":"publish","type":"page","link":"https:\/\/buergerstiftung-haan-gruiten.de\/index.php\/kochpiraten\/","title":{"rendered":"Kochpiraten"},"content":{"rendered":"\n<p class=\"has-medium-font-size\"><strong>Die &#8222;Kochpiraten&#8220; erobern alle Haaner Grundschulen<\/strong><\/p>\n\n\n\n<p>In allen Haaner Grundschulen erleben die Kinder viele Abenteuer mit den Piratinnen F\u00fchlmichschlapp und F\u00fchlmichstark sowie dem Powerschlauer. <br>Die Kinder der 1. Klassen gehen gemeinsam mit den Piraten auf Schatzsuche, \u00fcben einen Piratentanz ein, verkosten blind Obst und Gem\u00fcse und lernen hier viel \u00fcber gesunde Ern\u00e4hrung. Durchgef\u00fchrt wird das Projekt von der Kinder Kochwerkstatt in Solingen und wir haben es finanziert. <br>Wer dieses Projekt ganz speziell unterst\u00fctzen m\u00f6chte gibt bitte als Betreff: &#8222;Kochpiraten&#8220; an, denn gerne w\u00fcrden wir dieses Projekt auch f\u00fcr weitere Jahrgangsstufen anbieten. <\/p>\n\n\n\n<p>Vielen Dank an alle Unterst\u00fctzer!<\/p>\n\n\n\n<figure class=\"wp-block-image size-large is-resized is-style-rounded\"><img loading=\"lazy\" decoding=\"async\" src=\"https:\/\/buergerstiftung-haan-gruiten.de\/wp-content\/uploads\/2024\/04\/Kochwerkstatt-15.04.24-768x1024.jpg\" alt=\"\" class=\"wp-image-2209\" width=\"329\" height=\"439\" srcset=\"https:\/\/buergerstiftung-haan-gruiten.de\/wp-content\/uploads\/2024\/04\/Kochwerkstatt-15.04.24-768x1024.jpg 768w, https:\/\/buergerstiftung-haan-gruiten.de\/wp-content\/uploads\/2024\/04\/Kochwerkstatt-15.04.24-225x300.jpg 225w, https:\/\/buergerstiftung-haan-gruiten.de\/wp-content\/uploads\/2024\/04\/Kochwerkstatt-15.04.24-1152x1536.jpg 1152w, https:\/\/buergerstiftung-haan-gruiten.de\/wp-content\/uploads\/2024\/04\/Kochwerkstatt-15.04.24.jpg 1536w\" sizes=\"auto, (max-width: 329px) 100vw, 329px\" \/><figcaption class=\"wp-element-caption\">Die Kochpiraten erobern die Grundschulen<\/figcaption><\/figure>\n\n\n\n<p>Die Kinder haben mit viel Elan und Spa\u00df teilgenommen. <br><\/p>\n\n\n\n<figure class=\"wp-block-gallery has-nested-images columns-5 is-cropped wp-block-gallery-1 is-layout-flex wp-block-gallery-is-layout-flex\">\n<figure class=\"wp-block-image size-medium\"><img loading=\"lazy\" decoding=\"async\" width=\"246\" height=\"300\" data-id=\"2275\" src=\"https:\/\/buergerstiftung-haan-gruiten.de\/wp-content\/uploads\/2024\/08\/fec02410-e1df-4008-97be-62c230bdf84a-246x300.jpg\" alt=\"\" class=\"wp-image-2275\" srcset=\"https:\/\/buergerstiftung-haan-gruiten.de\/wp-content\/uploads\/2024\/08\/fec02410-e1df-4008-97be-62c230bdf84a-246x300.jpg 246w, https:\/\/buergerstiftung-haan-gruiten.de\/wp-content\/uploads\/2024\/08\/fec02410-e1df-4008-97be-62c230bdf84a-840x1024.jpg 840w, https:\/\/buergerstiftung-haan-gruiten.de\/wp-content\/uploads\/2024\/08\/fec02410-e1df-4008-97be-62c230bdf84a-768x936.jpg 768w, https:\/\/buergerstiftung-haan-gruiten.de\/wp-content\/uploads\/2024\/08\/fec02410-e1df-4008-97be-62c230bdf84a-1260x1536.jpg 1260w, https:\/\/buergerstiftung-haan-gruiten.de\/wp-content\/uploads\/2024\/08\/fec02410-e1df-4008-97be-62c230bdf84a.jpg 1680w\" sizes=\"auto, (max-width: 246px) 100vw, 246px\" \/><\/figure>\n\n\n\n<figure class=\"wp-block-image size-medium\"><img loading=\"lazy\" decoding=\"async\" width=\"300\" height=\"228\" data-id=\"2276\" src=\"https:\/\/buergerstiftung-haan-gruiten.de\/wp-content\/uploads\/2024\/08\/7386da1a-1335-41c6-a589-14559ec7b0ea-300x228.jpg\" alt=\"\" class=\"wp-image-2276\" srcset=\"https:\/\/buergerstiftung-haan-gruiten.de\/wp-content\/uploads\/2024\/08\/7386da1a-1335-41c6-a589-14559ec7b0ea-300x228.jpg 300w, https:\/\/buergerstiftung-haan-gruiten.de\/wp-content\/uploads\/2024\/08\/7386da1a-1335-41c6-a589-14559ec7b0ea-1024x777.jpg 1024w, https:\/\/buergerstiftung-haan-gruiten.de\/wp-content\/uploads\/2024\/08\/7386da1a-1335-41c6-a589-14559ec7b0ea-768x583.jpg 768w, https:\/\/buergerstiftung-haan-gruiten.de\/wp-content\/uploads\/2024\/08\/7386da1a-1335-41c6-a589-14559ec7b0ea-1536x1166.jpg 1536w, https:\/\/buergerstiftung-haan-gruiten.de\/wp-content\/uploads\/2024\/08\/7386da1a-1335-41c6-a589-14559ec7b0ea.jpg 1779w\" sizes=\"auto, (max-width: 300px) 100vw, 300px\" \/><\/figure>\n\n\n\n<figure class=\"wp-block-image size-medium\"><img loading=\"lazy\" decoding=\"async\" width=\"300\" height=\"262\" data-id=\"2277\" src=\"https:\/\/buergerstiftung-haan-gruiten.de\/wp-content\/uploads\/2024\/08\/IMG_9493-300x262.jpg\" alt=\"\" class=\"wp-image-2277\" srcset=\"https:\/\/buergerstiftung-haan-gruiten.de\/wp-content\/uploads\/2024\/08\/IMG_9493-300x262.jpg 300w, https:\/\/buergerstiftung-haan-gruiten.de\/wp-content\/uploads\/2024\/08\/IMG_9493.jpg 757w\" sizes=\"auto, (max-width: 300px) 100vw, 300px\" \/><\/figure>\n\n\n\n<figure class=\"wp-block-image size-medium\"><img decoding=\"async\" data-id=\"2278\" src=\"https:\/\/buergerstiftung-haan-gruiten.de\/wp-content\/uploads\/2024\/08\/dbb423ae-852d-4c4c-b018-b857b3dca62d-271x300.jpg\" alt=\"\" class=\"wp-image-2278\"\/><\/figure>\n\n\n\n<figure class=\"wp-block-image size-medium\"><img loading=\"lazy\" decoding=\"async\" width=\"300\" height=\"205\" data-id=\"2324\" src=\"https:\/\/buergerstiftung-haan-gruiten.de\/wp-content\/uploads\/2024\/08\/IMG_1228-300x205.jpg\" alt=\"\" class=\"wp-image-2324\" srcset=\"https:\/\/buergerstiftung-haan-gruiten.de\/wp-content\/uploads\/2024\/08\/IMG_1228-300x205.jpg 300w, https:\/\/buergerstiftung-haan-gruiten.de\/wp-content\/uploads\/2024\/08\/IMG_1228-1024x699.jpg 1024w, https:\/\/buergerstiftung-haan-gruiten.de\/wp-content\/uploads\/2024\/08\/IMG_1228-768x525.jpg 768w, https:\/\/buergerstiftung-haan-gruiten.de\/wp-content\/uploads\/2024\/08\/IMG_1228-1536x1049.jpg 1536w, https:\/\/buergerstiftung-haan-gruiten.de\/wp-content\/uploads\/2024\/08\/IMG_1228-2048x1399.jpg 2048w\" sizes=\"auto, (max-width: 300px) 100vw, 300px\" \/><\/figure>\n<figcaption class=\"blocks-gallery-caption wp-element-caption\">Hier einige Eindr\u00fccke, die Kinder haben sich bedankt<\/figcaption><\/figure>\n","protected":false},"excerpt":{"rendered":"<p>Die &#8222;Kochpiraten&#8220; erobern alle Haaner Grundschulen In allen Haaner Grundschulen erleben die Kinder viele Abenteuer mit den Piratinnen F\u00fchlmichschlapp und F\u00fchlmichstark sowie dem Powerschlauer. Die Kinder der 1. Klassen gehen gemeinsam mit den Piraten auf Schatzsuche, \u00fcben einen Piratentanz ein, verkosten blind Obst und Gem\u00fcse und lernen hier viel \u00fcber gesunde Ern\u00e4hrung. Durchgef\u00fchrt wird das &#8230; <a title=\"Kochpiraten\" class=\"read-more\" href=\"https:\/\/buergerstiftung-haan-gruiten.de\/index.php\/kochpiraten\/\" aria-label=\"More on Kochpiraten\">Read more<\/a><\/p>\n","protected":false},"author":2,"featured_media":0,"parent":0,"menu_order":0,"comment_status":"closed","ping_status":"closed","template":"","meta":{"footnotes":""},"class_list":["post-2281","page","type-page","status-publish"],"_links":{"self":[{"href":"https:\/\/buergerstiftung-haan-gruiten.de\/index.php\/wp-json\/wp\/v2\/pages\/2281","targetHints":{"allow":["GET"]}}],"collection":[{"href":"https:\/\/buergerstiftung-haan-gruiten.de\/index.php\/wp-json\/wp\/v2\/pages"}],"about":[{"href":"https:\/\/buergerstiftung-haan-gruiten.de\/index.php\/wp-json\/wp\/v2\/types\/page"}],"author":[{"embeddable":true,"href":"https:\/\/buergerstiftung-haan-gruiten.de\/index.php\/wp-json\/wp\/v2\/users\/2"}],"replies":[{"embeddable":true,"href":"https:\/\/buergerstiftung-haan-gruiten.de\/index.php\/wp-json\/wp\/v2\/comments?post=2281"}],"version-history":[{"count":9,"href":"https:\/\/buergerstiftung-haan-gruiten.de\/index.php\/wp-json\/wp\/v2\/pages\/2281\/revisions"}],"predecessor-version":[{"id":2331,"href":"https:\/\/buergerstiftung-haan-gruiten.de\/index.php\/wp-json\/wp\/v2\/pages\/2281\/revisions\/2331"}],"wp:attachment":[{"href":"https:\/\/buergerstiftung-haan-gruiten.de\/index.php\/wp-json\/wp\/v2\/media?parent=2281"}],"curies":[{"name":"wp","href":"https:\/\/api.w.org\/{rel}","templated":true}]}}