{"id":22,"date":"2019-08-26T16:32:01","date_gmt":"2019-08-26T16:32:01","guid":{"rendered":"https:\/\/gartenstadt-haan.de\/?page_id=22"},"modified":"2026-02-13T11:00:32","modified_gmt":"2026-02-13T11:00:32","slug":"impressum","status":"publish","type":"page","link":"https:\/\/buergerstiftung-haan-gruiten.de\/index.php\/impressum\/","title":{"rendered":"Impressum"},"content":{"rendered":"\n<figure class=\"wp-block-image\"><img loading=\"lazy\" decoding=\"async\" width=\"400\" height=\"120\" src=\"https:\/\/gartenstadt-haan.de\/wp-content\/uploads\/2020\/03\/original-logo_400.png\" alt=\"\" class=\"wp-image-225\" srcset=\"https:\/\/buergerstiftung-haan-gruiten.de\/wp-content\/uploads\/2020\/03\/original-logo_400.png 400w, https:\/\/buergerstiftung-haan-gruiten.de\/wp-content\/uploads\/2020\/03\/original-logo_400-300x90.png 300w\" sizes=\"auto, (max-width: 400px) 100vw, 400px\" \/><\/figure>\n\n\n\n<p><strong>B\u00fcrgerstiftung f\u00fcr Haan &amp; Gruiten<\/strong><\/p>\n\n\n\n<p>Elberfelder Stra\u00dfe 56, 42781 Haan<br>Tel.: 02129-8080<br>E-Mail : info (at) buergerstiftung-haan-gruiten PUNKT de <br>(Wir haben unsere Mailadresse nicht verlinkt um SPAM-Mitteilungen zu verhindern, wir bitten um Ihr Verst\u00e4ndnis)<\/p>\n\n\n\n<p><strong>Inhaltliche Verantwortung:<br>Stiftungsvorstand:<\/strong><br>Petra van der Lest<br>Jeannette Kirchhoff <br>Karin Nie\u00dfner<\/p>\n\n\n\n<p><strong>Haftung f\u00fcr Inhalte<\/strong><br>Als Diensteanbieter bin ich gem\u00e4\u00df \u00a7 7 Abs.1 TMG f\u00fcr eigene Inhalte auf diesen Seiten nach den allgemeinen Gesetzen verantwortlich. Nach \u00a7\u00a7 8 bis 10 TMG bin ich als Diensteanbieter jedoch nicht verpflichtet, \u00fcbermittelte oder gespeicherte fremde Informationen zu \u00fcberwachen oder nach Umst\u00e4nden zu forschen, die auf eine rechtswidrige T\u00e4tigkeit hinweisen.<br>Verpflichtungen zur Entfernung oder Sperrung der Nutzung von Informationen nach den allgemeinen Gesetzen bleiben hiervon unber\u00fchrt. Eine diesbez\u00fcgliche Haftung ist jedoch erst ab dem Zeitpunkt der Kenntnis einer konkreten Rechtsverletzung m\u00f6glich. Bei Bekanntwerden von entsprechenden Rechtsverletzungen werde ich diese Inhalte umgehend entfernen.<\/p>\n\n\n\n<p><strong>Haftung f\u00fcr Links<\/strong><br>Unser Angebot enth\u00e4lt Links zu externen Websites Dritter, auf deren Inhalte wir keinen Einfluss haben. Deshalb k\u00f6nnen wir  f\u00fcr diese fremden Inhalte auch keine Gew\u00e4hr \u00fcbernehmen. F\u00fcr die Inhalte der verlinkten Seiten ist stets der jeweilige Anbieter oder Betreiber der Seiten verantwortlich. Die verlinkten Seiten wurden zum Zeitpunkt der Verlinkung auf m\u00f6gliche Rechtsverst\u00f6\u00dfe \u00fcberpr\u00fcft. Rechtswidrige Inhalte waren zum Zeitpunkt der Verlinkung nicht erkennbar.&nbsp; <\/p>\n\n\n\n<h5 class=\"wp-block-heading\"><strong>Haftungsausschluss:<\/strong><\/h5>\n\n\n\n<h5 class=\"wp-block-heading\">1. Inhalt des Onlineangebotes<\/h5>\n\n\n\n<p>S\u00e4mtliche Inhalte dieser Homepage, sofern nicht anders angegeben, sind geistiges Eigentum des jeweiligen Autors. Wiedergabe und Weitergabe von Inhalten (Texte und Fotos) dieser Website und Verweise darauf sind nur unentgeltlich und unter der Voraussetzung gestattet, dass sowohl die Quelle als auch die Internet-Adresse genannt und verlinkt werden.<\/p>\n\n\n\n<h5 class=\"wp-block-heading\">2. Verweise und Links<\/h5>\n\n\n\n<p>Hiermit distanzieren wir uns ausdr\u00fccklich von allen Inhalten verlinkter Seiten oder Grafiken und machen uns diese keinesfalls zu eigen. S\u00e4mtliche Verst\u00f6\u00dfe gegen geltendes Recht, Sitte oder Moral, welche uns bekannt werden, haben sofortige L\u00f6schung von Links, Eintr\u00e4gen, Grafiken oder \u00e4hnlichem zur Folge.<\/p>\n\n\n\n<h5 class=\"wp-block-heading\">3. Urheber- und Kennzeichenrecht<\/h5>\n\n\n\n<p>Der Autor ist bestrebt, in allen Publikationen die Urheberrechte der verwendeten Grafiken, Tondokumente, Videosequenzen und Texte zu beachten, von ihm selbst erstellte Grafiken, Tondokumente, Videosequenzen und Texte zu nutzen oder auf lizenzfreie Grafiken, Tondokumente, Videosequenzen und Texte zur\u00fcckzugreifen.&nbsp;<br>Alle innerhalb des Internetangebotes genannten und ggf. durch Dritte gesch\u00fctzten Marken- und Warenzeichen unterliegen uneingeschr\u00e4nkt den Bestimmungen des jeweils g\u00fcltigen Kennzeichenrechts und den Besitzrechten der jeweiligen eingetragenen Eigent\u00fcmer. Allein aufgrund der blossen Nennung ist nicht der Schluss zu ziehen, dass Markenzeichen nicht durch Rechte Dritter gesch\u00fctzt sind!&nbsp;<br>Das Copyright f\u00fcr ver\u00f6ffentlichte, vom Autor selbst erstellte Objekte bleibt allein beim Autor der Seiten. Eine Vervielf\u00e4ltigung oder Verwendung solcher Grafiken, Tondokumente, Videosequenzen und Texte in anderen elektronischen oder gedruckten Publikationen ist ohne ausdr\u00fcckliche Zustimmung des Autors nicht gestattet.&nbsp;<\/p>\n\n\n\n<h5 class=\"wp-block-heading\">4. Rechtswirksamkeit dieses Haftungsausschlusses<\/h5>\n\n\n\n<p>Dieser Haftungsausschluss ist als Teil des Internetangebotes zu betrachten, von dem aus auf diese Seite verwiesen wurde. Sofern Teile oder einzelne Formulierungen dieses Textes der geltenden Rechtslage nicht, nicht mehr oder nicht vollst\u00e4ndig entsprechen sollten, bleiben die \u00fcbrigen Teile des Dokumentes in ihrem Inhalt und ihrer G\u00fcltigkeit davon unber\u00fchrt.&nbsp;\n\n<\/p>\n","protected":false},"excerpt":{"rendered":"<p>B\u00fcrgerstiftung f\u00fcr Haan &amp; Gruiten Elberfelder Stra\u00dfe 56, 42781 HaanTel.: 02129-8080E-Mail : info (at) buergerstiftung-haan-gruiten PUNKT de (Wir haben unsere Mailadresse nicht verlinkt um SPAM-Mitteilungen zu verhindern, wir bitten um Ihr Verst\u00e4ndnis) Inhaltliche Verantwortung:Stiftungsvorstand:Petra van der LestJeannette Kirchhoff Karin Nie\u00dfner Haftung f\u00fcr InhalteAls Diensteanbieter bin ich gem\u00e4\u00df \u00a7 7 Abs.1 TMG f\u00fcr eigene Inhalte auf &#8230; <a title=\"Impressum\" class=\"read-more\" href=\"https:\/\/buergerstiftung-haan-gruiten.de\/index.php\/impressum\/\" aria-label=\"More on Impressum\">Read more<\/a><\/p>\n","protected":false},"author":1,"featured_media":0,"parent":0,"menu_order":0,"comment_status":"closed","ping_status":"closed","template":"","meta":{"footnotes":""},"class_list":["post-22","page","type-page","status-publish"],"_links":{"self":[{"href":"https:\/\/buergerstiftung-haan-gruiten.de\/index.php\/wp-json\/wp\/v2\/pages\/22","targetHints":{"allow":["GET"]}}],"collection":[{"href":"https:\/\/buergerstiftung-haan-gruiten.de\/index.php\/wp-json\/wp\/v2\/pages"}],"about":[{"href":"https:\/\/buergerstiftung-haan-gruiten.de\/index.php\/wp-json\/wp\/v2\/types\/page"}],"author":[{"embeddable":true,"href":"https:\/\/buergerstiftung-haan-gruiten.de\/index.php\/wp-json\/wp\/v2\/users\/1"}],"replies":[{"embeddable":true,"href":"https:\/\/buergerstiftung-haan-gruiten.de\/index.php\/wp-json\/wp\/v2\/comments?post=22"}],"version-history":[{"count":16,"href":"https:\/\/buergerstiftung-haan-gruiten.de\/index.php\/wp-json\/wp\/v2\/pages\/22\/revisions"}],"predecessor-version":[{"id":3193,"href":"https:\/\/buergerstiftung-haan-gruiten.de\/index.php\/wp-json\/wp\/v2\/pages\/22\/revisions\/3193"}],"wp:attachment":[{"href":"https:\/\/buergerstiftung-haan-gruiten.de\/index.php\/wp-json\/wp\/v2\/media?parent=22"}],"curies":[{"name":"wp","href":"https:\/\/api.w.org\/{rel}","templated":true}]}}