{"id":1991,"date":"2024-01-25T11:57:19","date_gmt":"2024-01-25T11:57:19","guid":{"rendered":"https:\/\/buergerstiftung-haan-gruiten.de\/?page_id=1991"},"modified":"2025-11-13T14:42:34","modified_gmt":"2025-11-13T14:42:34","slug":"schmitz-stiftung","status":"publish","type":"page","link":"https:\/\/buergerstiftung-haan-gruiten.de\/index.php\/schmitz-stiftung\/","title":{"rendered":"Schmitz Stiftung"},"content":{"rendered":"\n<h3 class=\"wp-block-heading\"><strong>Zusammenschluss mit der Haaner Jugendf\u00f6rderung Karin und Gerhard Schmitz Stiftung<\/strong><\/h3>\n\n\n\n<p>Seit dem 1. Januar 2024 ist der Vorstand der B\u00fcrgerstiftung f\u00fcr Haan &amp; Gruiten gleichzeitig Vorstand der Haaner Jugendf\u00f6rderung Karin und Gerhard Schmitz Stiftung. <br>Wir verantworten damit beide Stiftungen.<br>Die Schmitz Stiftung wurde im September 2004 durch das Ehepaar Schmitz gegr\u00fcndet. Beide m\u00f6chten ihre Stiftung auch f\u00fcr die Zukunft in guten H\u00e4nden wissen, sich aber aus dem operativen Gesch\u00e4ft zur\u00fcckziehen. Im Stiftungsrat werden sie der Stiftung eng verbunden bleiben.<\/p>\n\n\n\n<p>Der Stiftungszweck ist fokussiert auf die Bereiche: Bildung, Erziehung, Ausbildung und F\u00f6rderung von Kindern- und Jugendlichen. <br><br>Unterst\u00fctzt wird hier u. a. die Musikschule in Haan, der Verein &#8222;Du-Ich-Wir e.v.&#8220; und die Stadtb\u00fccherei. <\/p>\n\n\n<div class=\"wp-block-image\">\n<figure class=\"aligncenter size-large is-resized\"><img loading=\"lazy\" decoding=\"async\" width=\"818\" height=\"1024\" src=\"https:\/\/buergerstiftung-haan-gruiten.de\/wp-content\/uploads\/2025\/03\/IMG_0272-818x1024.jpeg\" alt=\"\" class=\"wp-image-2672\" style=\"width:233px;height:auto\" srcset=\"https:\/\/buergerstiftung-haan-gruiten.de\/wp-content\/uploads\/2025\/03\/IMG_0272-818x1024.jpeg 818w, https:\/\/buergerstiftung-haan-gruiten.de\/wp-content\/uploads\/2025\/03\/IMG_0272-240x300.jpeg 240w, https:\/\/buergerstiftung-haan-gruiten.de\/wp-content\/uploads\/2025\/03\/IMG_0272-768x961.jpeg 768w, https:\/\/buergerstiftung-haan-gruiten.de\/wp-content\/uploads\/2025\/03\/IMG_0272-1227x1536.jpeg 1227w, https:\/\/buergerstiftung-haan-gruiten.de\/wp-content\/uploads\/2025\/03\/IMG_0272.jpeg 1636w\" sizes=\"auto, (max-width: 818px) 100vw, 818px\" \/><figcaption class=\"wp-element-caption\">Stipendiatenkonzert der Begabtenf\u00f6rderung 2025<\/figcaption><\/figure>\n<\/div>\n\n\n<p>Ansprechpartnerin innerhalb der B\u00fcrgerstiftung ist Karin Nie\u00dfner.<\/p>\n\n\n\n<p>(info@buergerstiftung-haan-gruiten.de).<\/p>\n\n\n\n<figure class=\"wp-block-image size-large is-resized\"><img loading=\"lazy\" decoding=\"async\" width=\"936\" height=\"1024\" src=\"https:\/\/buergerstiftung-haan-gruiten.de\/wp-content\/uploads\/2024\/01\/Schmitz-und-Buesti-Jan-2024_1-936x1024.jpg\" alt=\"\" class=\"wp-image-1992\" srcset=\"https:\/\/buergerstiftung-haan-gruiten.de\/wp-content\/uploads\/2024\/01\/Schmitz-und-Buesti-Jan-2024_1-936x1024.jpg 936w, https:\/\/buergerstiftung-haan-gruiten.de\/wp-content\/uploads\/2024\/01\/Schmitz-und-Buesti-Jan-2024_1-274x300.jpg 274w, https:\/\/buergerstiftung-haan-gruiten.de\/wp-content\/uploads\/2024\/01\/Schmitz-und-Buesti-Jan-2024_1-768x840.jpg 768w, https:\/\/buergerstiftung-haan-gruiten.de\/wp-content\/uploads\/2024\/01\/Schmitz-und-Buesti-Jan-2024_1-1404x1536.jpg 1404w, https:\/\/buergerstiftung-haan-gruiten.de\/wp-content\/uploads\/2024\/01\/Schmitz-und-Buesti-Jan-2024_1-1872x2048.jpg 1872w\" sizes=\"auto, (max-width: 936px) 100vw, 936px\" \/><figcaption class=\"wp-element-caption\">(v. l. Karin Nie\u00dfner, Angelos Tsangaris, Gerhard Schmitz, Karin Schmitz, Jeannette Kirchhoff, Petra van der Lest)<\/figcaption><\/figure>\n","protected":false},"excerpt":{"rendered":"<p>Zusammenschluss mit der Haaner Jugendf\u00f6rderung Karin und Gerhard Schmitz Stiftung Seit dem 1. Januar 2024 ist der Vorstand der B\u00fcrgerstiftung f\u00fcr Haan &amp; Gruiten gleichzeitig Vorstand der Haaner Jugendf\u00f6rderung Karin und Gerhard Schmitz Stiftung. Wir verantworten damit beide Stiftungen.Die Schmitz Stiftung wurde im September 2004 durch das Ehepaar Schmitz gegr\u00fcndet. Beide m\u00f6chten ihre Stiftung auch &#8230; <a title=\"Schmitz Stiftung\" class=\"read-more\" href=\"https:\/\/buergerstiftung-haan-gruiten.de\/index.php\/schmitz-stiftung\/\" aria-label=\"More on Schmitz Stiftung\">Read more<\/a><\/p>\n","protected":false},"author":2,"featured_media":0,"parent":0,"menu_order":0,"comment_status":"closed","ping_status":"closed","template":"","meta":{"footnotes":""},"class_list":["post-1991","page","type-page","status-publish"],"_links":{"self":[{"href":"https:\/\/buergerstiftung-haan-gruiten.de\/index.php\/wp-json\/wp\/v2\/pages\/1991","targetHints":{"allow":["GET"]}}],"collection":[{"href":"https:\/\/buergerstiftung-haan-gruiten.de\/index.php\/wp-json\/wp\/v2\/pages"}],"about":[{"href":"https:\/\/buergerstiftung-haan-gruiten.de\/index.php\/wp-json\/wp\/v2\/types\/page"}],"author":[{"embeddable":true,"href":"https:\/\/buergerstiftung-haan-gruiten.de\/index.php\/wp-json\/wp\/v2\/users\/2"}],"replies":[{"embeddable":true,"href":"https:\/\/buergerstiftung-haan-gruiten.de\/index.php\/wp-json\/wp\/v2\/comments?post=1991"}],"version-history":[{"count":11,"href":"https:\/\/buergerstiftung-haan-gruiten.de\/index.php\/wp-json\/wp\/v2\/pages\/1991\/revisions"}],"predecessor-version":[{"id":2986,"href":"https:\/\/buergerstiftung-haan-gruiten.de\/index.php\/wp-json\/wp\/v2\/pages\/1991\/revisions\/2986"}],"wp:attachment":[{"href":"https:\/\/buergerstiftung-haan-gruiten.de\/index.php\/wp-json\/wp\/v2\/media?parent=1991"}],"curies":[{"name":"wp","href":"https:\/\/api.w.org\/{rel}","templated":true}]}}