{"id":127,"date":"2020-03-05T15:06:44","date_gmt":"2020-03-05T15:06:44","guid":{"rendered":"https:\/\/gartenstadt-haan.de\/?page_id=127"},"modified":"2026-01-13T10:36:11","modified_gmt":"2026-01-13T10:36:11","slug":"zustiften","status":"publish","type":"page","link":"https:\/\/buergerstiftung-haan-gruiten.de\/index.php\/zustiften\/","title":{"rendered":"Zustiften"},"content":{"rendered":"\n<h2 class=\"wp-block-heading\"><strong>Jede Zustiftung hilft dauerhaft!<\/strong><br><\/h2>\n\n\n\n<p>Bei Zustiftungen flie\u00dft das Geld dem Stiftungsverm\u00f6gen direkt zu. Das Stiftungsverm\u00f6gen wird sicher angelegt. Nur die&nbsp;<em><strong>Kapitalertr\u00e4ge werden zu F\u00f6rderzwecken<\/strong>&nbsp;<\/em>eingesetzt.<br>Die Richtlinien zur Verm\u00f6gensanlage erhalten Sie auf Nachfrage beim Vorstand.<\/p>\n\n\n\n<h3 class=\"wp-block-heading\"><strong>Ihr Geld hilft und wird aufgestockt!<\/strong><\/h3>\n\n\n\n<p><strong>Derzeit werden eingehende Zustiftungen ab 2.500,&#8211; Euro von der Stadtsparkasse Haan um 1.000,&#8211; Euro erh\u00f6ht!<\/strong><\/p>\n\n\n\n<p>Dadurch ist die Nachhaltigkeit Ihrer Zustiftung gew\u00e4hrleistet, die Hilfsm\u00f6glichkeiten der Stiftung vervielfachen sich. <br>Sie und Ihr Geld helfen mildt\u00e4tig, gemeinn\u00fctzig und langfristig in Haan und Gruiten.<\/p>\n\n\n\n<p>Sie k\u00f6nnen uns sehr gerne unter <a href=\"mailto:info@buergerstiftung-haan-gruiten.de\">info@buergerstiftung-haan-gruiten.de<\/a> eine Nachricht senden oder Sie rufen uns an unter: 0163 1478214<\/p>\n\n\n\n<figure class=\"wp-block-image size-full\"><img loading=\"lazy\" decoding=\"async\" width=\"526\" height=\"202\" src=\"https:\/\/buergerstiftung-haan-gruiten.de\/wp-content\/uploads\/2020\/03\/zustiftung_1.jpg\" alt=\"\" class=\"wp-image-137\" srcset=\"https:\/\/buergerstiftung-haan-gruiten.de\/wp-content\/uploads\/2020\/03\/zustiftung_1.jpg 526w, https:\/\/buergerstiftung-haan-gruiten.de\/wp-content\/uploads\/2020\/03\/zustiftung_1-300x115.jpg 300w\" sizes=\"auto, (max-width: 526px) 100vw, 526px\" \/><\/figure>\n\n\n\n<div class=\"wp-block-group\"><div class=\"wp-block-group__inner-container is-layout-constrained wp-block-group-is-layout-constrained\">\n<h2 class=\"wp-block-heading\" id=\"line1\"><a>Zustiftungen jeder H\u00f6he sind willkommen!<\/a><\/h2>\n\n\n\n<h4 class=\"wp-block-heading\"><strong>Unser Konto:<\/strong><\/h4>\n\n\n\n<h4 class=\"wp-block-heading\">B\u00fcrgerstiftung f\u00fcr Haan und Gruiten<br>Stadt-Sparkasse Haan<br>DE84 3035 1220 0091 3056 64<br>BIC&nbsp;WELADED1HAA<\/h4>\n\n\n\n<p>Wichtig: im Verwendungszweck &#8222;ZUSTIFTUNG&#8220; angeben, zur Unterscheidung von direkt voll verwendbaren Spenden.<\/p>\n\n\n\n<p><strong>Wenn es Ihnen gut geht, lassen Sie doch andere daran teilhaben.<\/strong><\/p>\n\n\n\n<p>F\u00fcr jede Zustiftung kann direkt eine Zustiftungsbescheinigung ausgestellt werden!<\/p>\n<\/div><\/div>\n","protected":false},"excerpt":{"rendered":"<p>Jede Zustiftung hilft dauerhaft! Bei Zustiftungen flie\u00dft das Geld dem Stiftungsverm\u00f6gen direkt zu. Das Stiftungsverm\u00f6gen wird sicher angelegt. Nur die&nbsp;Kapitalertr\u00e4ge werden zu F\u00f6rderzwecken&nbsp;eingesetzt.Die Richtlinien zur Verm\u00f6gensanlage erhalten Sie auf Nachfrage beim Vorstand. Ihr Geld hilft und wird aufgestockt! Derzeit werden eingehende Zustiftungen ab 2.500,&#8211; Euro von der Stadtsparkasse Haan um 1.000,&#8211; Euro erh\u00f6ht! Dadurch ist &#8230; <a title=\"Zustiften\" class=\"read-more\" href=\"https:\/\/buergerstiftung-haan-gruiten.de\/index.php\/zustiften\/\" aria-label=\"More on Zustiften\">Read more<\/a><\/p>\n","protected":false},"author":1,"featured_media":0,"parent":0,"menu_order":0,"comment_status":"closed","ping_status":"closed","template":"","meta":{"footnotes":""},"class_list":["post-127","page","type-page","status-publish"],"_links":{"self":[{"href":"https:\/\/buergerstiftung-haan-gruiten.de\/index.php\/wp-json\/wp\/v2\/pages\/127","targetHints":{"allow":["GET"]}}],"collection":[{"href":"https:\/\/buergerstiftung-haan-gruiten.de\/index.php\/wp-json\/wp\/v2\/pages"}],"about":[{"href":"https:\/\/buergerstiftung-haan-gruiten.de\/index.php\/wp-json\/wp\/v2\/types\/page"}],"author":[{"embeddable":true,"href":"https:\/\/buergerstiftung-haan-gruiten.de\/index.php\/wp-json\/wp\/v2\/users\/1"}],"replies":[{"embeddable":true,"href":"https:\/\/buergerstiftung-haan-gruiten.de\/index.php\/wp-json\/wp\/v2\/comments?post=127"}],"version-history":[{"count":19,"href":"https:\/\/buergerstiftung-haan-gruiten.de\/index.php\/wp-json\/wp\/v2\/pages\/127\/revisions"}],"predecessor-version":[{"id":3128,"href":"https:\/\/buergerstiftung-haan-gruiten.de\/index.php\/wp-json\/wp\/v2\/pages\/127\/revisions\/3128"}],"wp:attachment":[{"href":"https:\/\/buergerstiftung-haan-gruiten.de\/index.php\/wp-json\/wp\/v2\/media?parent=127"}],"curies":[{"name":"wp","href":"https:\/\/api.w.org\/{rel}","templated":true}]}}